{"id":210,"date":"2024-08-06T08:46:02","date_gmt":"2024-08-06T08:46:02","guid":{"rendered":"http:\/\/laptopbakimonarim.com\/?page_id=210"},"modified":"2024-08-06T08:58:18","modified_gmt":"2024-08-06T08:58:18","slug":"urunlerimiz","status":"publish","type":"page","link":"http:\/\/laptopbakimonarim.com\/index.php\/urunlerimiz\/","title":{"rendered":"\u00dcR\u00dcNLER\u0130M\u0130Z"},"content":{"rendered":"\n<p>Nano Bilgi Teknolojileri olarak, i\u015f ortaklar\u0131m\u0131z\u0131n sundu\u011fu en g\u00fcncel ve yenilik\u00e7i \u00fcr\u00fcnlerle siz de\u011ferli m\u00fc\u015fterilerimize geni\u015f bir yelpazede \u00e7\u00f6z\u00fcmler sunuyoruz. \u0130\u015fte i\u015fletmenizin ihtiya\u00e7lar\u0131n\u0131 kar\u015f\u0131layacak \u00fcr\u00fcnlerimiz:<\/p>\n\n\n\n<h3 class=\"wp-block-heading\">Logo Yaz\u0131l\u0131m \u00c7\u00f6z\u00fcmleri<\/h3>\n\n\n\n<p>Logo Yaz\u0131l\u0131m, i\u015fletmelerin t\u00fcm operasyonel s\u00fcre\u00e7lerini daha verimli hale getirmek i\u00e7in geli\u015ftirilmi\u015f kapsaml\u0131 ERP \u00e7\u00f6z\u00fcmleri sunar. Logo\u2019nun \u00fcr\u00fcnleri aras\u0131nda <strong>Logo GO 3<\/strong>, <strong>Logo Tiger 3<\/strong>, <strong>Logo Tiger Wings<\/strong>, <strong>Logo Mind Insight<\/strong>, <strong>Logo j-Platform<\/strong>, ve <strong>Logo Netsis 3<\/strong> gibi yaz\u0131l\u0131mlar bulunmaktad\u0131r. Bu \u00fcr\u00fcnler, muhasebe, finans, insan kaynaklar\u0131, \u00fcretim ve tedarik zinciri y\u00f6netimi gibi alanlarda i\u015f s\u00fcre\u00e7lerinizi dijitalle\u015ftirerek zaman ve maliyet tasarrufu sa\u011flar. Logo Yaz\u0131l\u0131m \u00e7\u00f6z\u00fcmleri ile i\u015fletmenizin performans\u0131n\u0131 art\u0131r\u0131n ve rekabet avantaj\u0131 elde edin.<\/p>\n\n\n\n<h3 class=\"wp-block-heading\">Dia Yaz\u0131l\u0131m \u00dcr\u00fcnleri<\/h3>\n\n\n\n<p>K\u00fc\u00e7\u00fck ve orta \u00f6l\u00e7ekli i\u015fletmeler i\u00e7in ideal \u00e7\u00f6z\u00fcmler sunan Dia Yaz\u0131l\u0131m, finans y\u00f6netimi, stok takibi, sat\u0131\u015f ve pazarlama, insan kaynaklar\u0131 ve m\u00fc\u015fteri ili\u015fkileri y\u00f6netimi gibi bir\u00e7ok alanda kapsaml\u0131 yaz\u0131l\u0131m \u00fcr\u00fcnleri sunar. Dia Yaz\u0131l\u0131m \u00fcr\u00fcnleri aras\u0131nda <strong>Dia ERP<\/strong>, <strong>Dia POS<\/strong>, <strong>Dia CRM<\/strong>, <strong>Dia HR<\/strong>, ve <strong>Dia BPM<\/strong> bulunmaktad\u0131r. Bu \u00fcr\u00fcnler, i\u015fletmenizin b\u00fcy\u00fcme hedeflerine ula\u015fmas\u0131 i\u00e7in gerekli t\u00fcm ara\u00e7lar\u0131 tek bir platformda sunarak i\u015f s\u00fcre\u00e7lerinizi kolayla\u015ft\u0131r\u0131r ve optimize eder.<\/p>\n\n\n\n<h3 class=\"wp-block-heading\">Microsoft \u00dcr\u00fcnleri<\/h3>\n\n\n\n<p>Microsoft\u2019un sundu\u011fu \u00fcr\u00fcnler, i\u015fletmenizin dijital d\u00f6n\u00fc\u015f\u00fcm\u00fcn\u00fc ger\u00e7ekle\u015ftirmek i\u00e7in ihtiya\u00e7 duydu\u011funuz t\u00fcm ara\u00e7lar\u0131 sa\u011flar. <strong>Office 365<\/strong> ile ofis uygulamalar\u0131na her yerden eri\u015febilir, <strong>Azure<\/strong> ile bulut bili\u015fim \u00e7\u00f6z\u00fcmlerinden faydalanabilir, <strong>Dynamics 365<\/strong> ile m\u00fc\u015fteri ili\u015fkilerinizi ve i\u015f s\u00fcre\u00e7lerinizi daha etkin bir \u015fekilde y\u00f6netebilirsiniz. Microsoft\u2019un g\u00fc\u00e7l\u00fc ve g\u00fcvenilir \u00e7\u00f6z\u00fcmleri ile i\u015fletmenizi bir ad\u0131m \u00f6ne ta\u015f\u0131y\u0131n.<\/p>\n\n\n\n<h3 class=\"wp-block-heading\">ESET Antivir\u00fcs \u00c7\u00f6z\u00fcmleri<\/h3>\n\n\n\n<p>ESET, geli\u015fmi\u015f antivir\u00fcs ve siber g\u00fcvenlik \u00e7\u00f6z\u00fcmleri ile hem bireysel hem de kurumsal kullan\u0131c\u0131lar i\u00e7in \u00fcst d\u00fczey koruma sa\u011flar. ESET\u2019in sundu\u011fu \u00fcr\u00fcnler aras\u0131nda <strong>ESET NOD32 Antivir\u00fcs<\/strong>, <strong>ESET Internet Security<\/strong>, <strong>ESET Smart Security Premium<\/strong> ve <strong>ESET Endpoint Protection<\/strong> bulunmaktad\u0131r. ESET ile dijital d\u00fcnyada g\u00fcvenli\u011finizi sa\u011flay\u0131n ve siber tehditlere kar\u015f\u0131 korunun.<\/p>\n\n\n\n<h3 class=\"wp-block-heading\">Kaspersky G\u00fcvenlik \u00c7\u00f6z\u00fcmleri<\/h3>\n\n\n\n<p>Kaspersky, siber g\u00fcvenlik alan\u0131nda d\u00fcnya \u00e7ap\u0131nda tan\u0131nan ve g\u00fcvenilen bir markad\u0131r. Kaspersky\u2019nin geli\u015fmi\u015f vir\u00fcs koruma, zararl\u0131 yaz\u0131l\u0131m \u00f6nleme ve internet g\u00fcvenli\u011fi \u00e7\u00f6z\u00fcmleri ile i\u015fletmenizi siber tehditlere kar\u015f\u0131 tam koruma alt\u0131na al\u0131n. <strong>Kaspersky Total Security<\/strong>, <strong>Kaspersky Internet Security<\/strong>, <strong>Kaspersky Anti-Virus<\/strong> ve <strong>Kaspersky Endpoint Security<\/strong> gibi \u00fcr\u00fcnler verilerinizi ve sistemlerinizi g\u00fcvende tutarak i\u015f s\u00fcreklili\u011finizi sa\u011flar ve siber sald\u0131r\u0131lara kar\u015f\u0131 dayan\u0131kl\u0131l\u0131\u011f\u0131n\u0131z\u0131 art\u0131r\u0131r.<\/p>\n\n\n\n<h3 class=\"wp-block-heading\">Web Site Tasar\u0131m\u0131<\/h3>\n\n\n\n<p>Nano Bilgi Teknolojileri olarak, i\u015fletmenizin dijital varl\u0131\u011f\u0131n\u0131 g\u00fc\u00e7lendirmek i\u00e7in profesyonel web site tasar\u0131m\u0131 hizmetleri sunuyoruz. Modern, kullan\u0131c\u0131 dostu ve estetik web siteleri tasarlayarak, m\u00fc\u015fterilerinizle daha etkili bir \u015fekilde ileti\u015fim kurman\u0131z\u0131 sa\u011fl\u0131yoruz. \u0130\u015fletmenizin ihtiya\u00e7lar\u0131na uygun \u00e7\u00f6z\u00fcmlerle dijital d\u00fcnyada g\u00fc\u00e7l\u00fc bir varl\u0131k g\u00f6sterin ve m\u00fc\u015fteri kitlenizi geni\u015fletin.<\/p>\n\n\n\n<hr class=\"wp-block-separator has-alpha-channel-opacity\"\/>\n\n\n\n<p>Nano Bilgi Teknolojileri olarak, i\u015f ortaklar\u0131m\u0131z\u0131n sundu\u011fu \u00fcr\u00fcnlerle i\u015fletmenizin ihtiya\u00e7lar\u0131na en uygun \u00e7\u00f6z\u00fcmleri sunmay\u0131 ama\u00e7l\u0131yoruz. Size en kaliteli hizmeti sunmak i\u00e7in buraday\u0131z. Daha fazla bilgi i\u00e7in bizimle ileti\u015fime ge\u00e7in ve i\u015fletmenizin teknoloji ihtiya\u00e7lar\u0131n\u0131 birlikte kar\u015f\u0131layal\u0131m.<\/p>\n","protected":false},"excerpt":{"rendered":"<p>Nano Bilgi Teknolojileri olarak, i\u015f ortaklar\u0131m\u0131z\u0131n sundu\u011fu en g\u00fcncel ve yenilik\u00e7i \u00fcr\u00fcnlerle siz de\u011ferli m\u00fc\u015fterilerimize geni\u015f bir yelpazede \u00e7\u00f6z\u00fcmler sunuyoruz. \u0130\u015fte i\u015fletmenizin ihtiya\u00e7lar\u0131n\u0131 kar\u015f\u0131layacak \u00fcr\u00fcnlerimiz: Logo Yaz\u0131l\u0131m \u00c7\u00f6z\u00fcmleri Logo Yaz\u0131l\u0131m, i\u015fletmelerin t\u00fcm operasyonel s\u00fcre\u00e7lerini daha verimli hale getirmek i\u00e7in geli\u015ftirilmi\u015f kapsaml\u0131 ERP \u00e7\u00f6z\u00fcmleri sunar. Logo\u2019nun \u00fcr\u00fcnleri aras\u0131nda Logo GO 3, Logo Tiger 3, Logo Tiger&hellip; <br \/> <a class=\"read-more\" href=\"http:\/\/laptopbakimonarim.com\/index.php\/urunlerimiz\/\">Devam\u0131<\/a><\/p>\n","protected":false},"author":1,"featured_media":0,"parent":0,"menu_order":4,"comment_status":"closed","ping_status":"closed","template":"","meta":{"footnotes":""},"class_list":["post-210","page","type-page","status-publish","hentry"],"yoast_head":"<!-- This site is optimized with the Yoast SEO plugin v27.5 - https:\/\/yoast.com\/product\/yoast-seo-wordpress\/ -->\n<title>\u00dcR\u00dcNLER\u0130M\u0130Z - NANO B\u0130LG\u0130 TEKNOLOJ\u0130LER\u0130<\/title>\n<meta name=\"robots\" content=\"index, follow, max-snippet:-1, max-image-preview:large, max-video-preview:-1\" \/>\n<link rel=\"canonical\" href=\"http:\/\/laptopbakimonarim.com\/index.php\/urunlerimiz\/\" \/>\n<meta property=\"og:locale\" content=\"tr_TR\" \/>\n<meta property=\"og:type\" content=\"article\" \/>\n<meta property=\"og:title\" content=\"\u00dcR\u00dcNLER\u0130M\u0130Z - NANO B\u0130LG\u0130 TEKNOLOJ\u0130LER\u0130\" \/>\n<meta property=\"og:description\" content=\"Nano Bilgi Teknolojileri olarak, i\u015f ortaklar\u0131m\u0131z\u0131n sundu\u011fu en g\u00fcncel ve yenilik\u00e7i \u00fcr\u00fcnlerle siz de\u011ferli m\u00fc\u015fterilerimize geni\u015f bir yelpazede \u00e7\u00f6z\u00fcmler sunuyoruz. \u0130\u015fte i\u015fletmenizin ihtiya\u00e7lar\u0131n\u0131 kar\u015f\u0131layacak \u00fcr\u00fcnlerimiz: Logo Yaz\u0131l\u0131m \u00c7\u00f6z\u00fcmleri Logo Yaz\u0131l\u0131m, i\u015fletmelerin t\u00fcm operasyonel s\u00fcre\u00e7lerini daha verimli hale getirmek i\u00e7in geli\u015ftirilmi\u015f kapsaml\u0131 ERP \u00e7\u00f6z\u00fcmleri sunar. Logo\u2019nun \u00fcr\u00fcnleri aras\u0131nda Logo GO 3, Logo Tiger 3, Logo Tiger&hellip; Devam\u0131\" \/>\n<meta property=\"og:url\" content=\"http:\/\/laptopbakimonarim.com\/index.php\/urunlerimiz\/\" \/>\n<meta property=\"og:site_name\" content=\"NANO B\u0130LG\u0130 TEKNOLOJ\u0130LER\u0130\" \/>\n<meta property=\"article:modified_time\" content=\"2024-08-06T08:58:18+00:00\" \/>\n<meta name=\"twitter:card\" content=\"summary_large_image\" \/>\n<meta name=\"twitter:label1\" content=\"Tahmini okuma s\u00fcresi\" \/>\n\t<meta name=\"twitter:data1\" content=\"3 dakika\" \/>\n<script type=\"application\/ld+json\" class=\"yoast-schema-graph\">{\"@context\":\"https:\\\/\\\/schema.org\",\"@graph\":[{\"@type\":\"WebPage\",\"@id\":\"http:\\\/\\\/laptopbakimonarim.com\\\/index.php\\\/urunlerimiz\\\/\",\"url\":\"http:\\\/\\\/laptopbakimonarim.com\\\/index.php\\\/urunlerimiz\\\/\",\"name\":\"\u00dcR\u00dcNLER\u0130M\u0130Z - NANO B\u0130LG\u0130 TEKNOLOJ\u0130LER\u0130\",\"isPartOf\":{\"@id\":\"http:\\\/\\\/laptopbakimonarim.com\\\/#website\"},\"datePublished\":\"2024-08-06T08:46:02+00:00\",\"dateModified\":\"2024-08-06T08:58:18+00:00\",\"breadcrumb\":{\"@id\":\"http:\\\/\\\/laptopbakimonarim.com\\\/index.php\\\/urunlerimiz\\\/#breadcrumb\"},\"inLanguage\":\"tr\",\"potentialAction\":[{\"@type\":\"ReadAction\",\"target\":[\"http:\\\/\\\/laptopbakimonarim.com\\\/index.php\\\/urunlerimiz\\\/\"]}]},{\"@type\":\"BreadcrumbList\",\"@id\":\"http:\\\/\\\/laptopbakimonarim.com\\\/index.php\\\/urunlerimiz\\\/#breadcrumb\",\"itemListElement\":[{\"@type\":\"ListItem\",\"position\":1,\"name\":\"Anasayfa\",\"item\":\"http:\\\/\\\/laptopbakimonarim.com\\\/\"},{\"@type\":\"ListItem\",\"position\":2,\"name\":\"\u00dcR\u00dcNLER\u0130M\u0130Z\"}]},{\"@type\":\"WebSite\",\"@id\":\"http:\\\/\\\/laptopbakimonarim.com\\\/#website\",\"url\":\"http:\\\/\\\/laptopbakimonarim.com\\\/\",\"name\":\"NANO B\u0130LG\u0130 TEKNOLOJ\u0130LER\u0130\",\"description\":\"LOGO &amp; D\u0130A YETK\u0130L\u0130 \u0130\u015e ORTA\u011eI\",\"publisher\":{\"@id\":\"http:\\\/\\\/laptopbakimonarim.com\\\/#organization\"},\"potentialAction\":[{\"@type\":\"SearchAction\",\"target\":{\"@type\":\"EntryPoint\",\"urlTemplate\":\"http:\\\/\\\/laptopbakimonarim.com\\\/?s={search_term_string}\"},\"query-input\":{\"@type\":\"PropertyValueSpecification\",\"valueRequired\":true,\"valueName\":\"search_term_string\"}}],\"inLanguage\":\"tr\"},{\"@type\":\"Organization\",\"@id\":\"http:\\\/\\\/laptopbakimonarim.com\\\/#organization\",\"name\":\"NANO B\u0130LG\u0130 TEKNOLOJ\u0130LER\u0130\",\"url\":\"http:\\\/\\\/laptopbakimonarim.com\\\/\",\"logo\":{\"@type\":\"ImageObject\",\"inLanguage\":\"tr\",\"@id\":\"http:\\\/\\\/laptopbakimonarim.com\\\/#\\\/schema\\\/logo\\\/image\\\/\",\"url\":\"http:\\\/\\\/laptopbakimonarim.com\\\/wp-content\\\/uploads\\\/2024\\\/07\\\/logom.png\",\"contentUrl\":\"http:\\\/\\\/laptopbakimonarim.com\\\/wp-content\\\/uploads\\\/2024\\\/07\\\/logom.png\",\"width\":322,\"height\":133,\"caption\":\"NANO B\u0130LG\u0130 TEKNOLOJ\u0130LER\u0130\"},\"image\":{\"@id\":\"http:\\\/\\\/laptopbakimonarim.com\\\/#\\\/schema\\\/logo\\\/image\\\/\"}}]}<\/script>\n<!-- \/ Yoast SEO plugin. -->","yoast_head_json":{"title":"\u00dcR\u00dcNLER\u0130M\u0130Z - NANO B\u0130LG\u0130 TEKNOLOJ\u0130LER\u0130","robots":{"index":"index","follow":"follow","max-snippet":"max-snippet:-1","max-image-preview":"max-image-preview:large","max-video-preview":"max-video-preview:-1"},"canonical":"http:\/\/laptopbakimonarim.com\/index.php\/urunlerimiz\/","og_locale":"tr_TR","og_type":"article","og_title":"\u00dcR\u00dcNLER\u0130M\u0130Z - NANO B\u0130LG\u0130 TEKNOLOJ\u0130LER\u0130","og_description":"Nano Bilgi Teknolojileri olarak, i\u015f ortaklar\u0131m\u0131z\u0131n sundu\u011fu en g\u00fcncel ve yenilik\u00e7i \u00fcr\u00fcnlerle siz de\u011ferli m\u00fc\u015fterilerimize geni\u015f bir yelpazede \u00e7\u00f6z\u00fcmler sunuyoruz. \u0130\u015fte i\u015fletmenizin ihtiya\u00e7lar\u0131n\u0131 kar\u015f\u0131layacak \u00fcr\u00fcnlerimiz: Logo Yaz\u0131l\u0131m \u00c7\u00f6z\u00fcmleri Logo Yaz\u0131l\u0131m, i\u015fletmelerin t\u00fcm operasyonel s\u00fcre\u00e7lerini daha verimli hale getirmek i\u00e7in geli\u015ftirilmi\u015f kapsaml\u0131 ERP \u00e7\u00f6z\u00fcmleri sunar. Logo\u2019nun \u00fcr\u00fcnleri aras\u0131nda Logo GO 3, Logo Tiger 3, Logo Tiger&hellip; Devam\u0131","og_url":"http:\/\/laptopbakimonarim.com\/index.php\/urunlerimiz\/","og_site_name":"NANO B\u0130LG\u0130 TEKNOLOJ\u0130LER\u0130","article_modified_time":"2024-08-06T08:58:18+00:00","twitter_card":"summary_large_image","twitter_misc":{"Tahmini okuma s\u00fcresi":"3 dakika"},"schema":{"@context":"https:\/\/schema.org","@graph":[{"@type":"WebPage","@id":"http:\/\/laptopbakimonarim.com\/index.php\/urunlerimiz\/","url":"http:\/\/laptopbakimonarim.com\/index.php\/urunlerimiz\/","name":"\u00dcR\u00dcNLER\u0130M\u0130Z - NANO B\u0130LG\u0130 TEKNOLOJ\u0130LER\u0130","isPartOf":{"@id":"http:\/\/laptopbakimonarim.com\/#website"},"datePublished":"2024-08-06T08:46:02+00:00","dateModified":"2024-08-06T08:58:18+00:00","breadcrumb":{"@id":"http:\/\/laptopbakimonarim.com\/index.php\/urunlerimiz\/#breadcrumb"},"inLanguage":"tr","potentialAction":[{"@type":"ReadAction","target":["http:\/\/laptopbakimonarim.com\/index.php\/urunlerimiz\/"]}]},{"@type":"BreadcrumbList","@id":"http:\/\/laptopbakimonarim.com\/index.php\/urunlerimiz\/#breadcrumb","itemListElement":[{"@type":"ListItem","position":1,"name":"Anasayfa","item":"http:\/\/laptopbakimonarim.com\/"},{"@type":"ListItem","position":2,"name":"\u00dcR\u00dcNLER\u0130M\u0130Z"}]},{"@type":"WebSite","@id":"http:\/\/laptopbakimonarim.com\/#website","url":"http:\/\/laptopbakimonarim.com\/","name":"NANO B\u0130LG\u0130 TEKNOLOJ\u0130LER\u0130","description":"LOGO &amp; D\u0130A YETK\u0130L\u0130 \u0130\u015e ORTA\u011eI","publisher":{"@id":"http:\/\/laptopbakimonarim.com\/#organization"},"potentialAction":[{"@type":"SearchAction","target":{"@type":"EntryPoint","urlTemplate":"http:\/\/laptopbakimonarim.com\/?s={search_term_string}"},"query-input":{"@type":"PropertyValueSpecification","valueRequired":true,"valueName":"search_term_string"}}],"inLanguage":"tr"},{"@type":"Organization","@id":"http:\/\/laptopbakimonarim.com\/#organization","name":"NANO B\u0130LG\u0130 TEKNOLOJ\u0130LER\u0130","url":"http:\/\/laptopbakimonarim.com\/","logo":{"@type":"ImageObject","inLanguage":"tr","@id":"http:\/\/laptopbakimonarim.com\/#\/schema\/logo\/image\/","url":"http:\/\/laptopbakimonarim.com\/wp-content\/uploads\/2024\/07\/logom.png","contentUrl":"http:\/\/laptopbakimonarim.com\/wp-content\/uploads\/2024\/07\/logom.png","width":322,"height":133,"caption":"NANO B\u0130LG\u0130 TEKNOLOJ\u0130LER\u0130"},"image":{"@id":"http:\/\/laptopbakimonarim.com\/#\/schema\/logo\/image\/"}}]}},"_links":{"self":[{"href":"http:\/\/laptopbakimonarim.com\/index.php\/wp-json\/wp\/v2\/pages\/210","targetHints":{"allow":["GET"]}}],"collection":[{"href":"http:\/\/laptopbakimonarim.com\/index.php\/wp-json\/wp\/v2\/pages"}],"about":[{"href":"http:\/\/laptopbakimonarim.com\/index.php\/wp-json\/wp\/v2\/types\/page"}],"author":[{"embeddable":true,"href":"http:\/\/laptopbakimonarim.com\/index.php\/wp-json\/wp\/v2\/users\/1"}],"replies":[{"embeddable":true,"href":"http:\/\/laptopbakimonarim.com\/index.php\/wp-json\/wp\/v2\/comments?post=210"}],"version-history":[{"count":1,"href":"http:\/\/laptopbakimonarim.com\/index.php\/wp-json\/wp\/v2\/pages\/210\/revisions"}],"predecessor-version":[{"id":211,"href":"http:\/\/laptopbakimonarim.com\/index.php\/wp-json\/wp\/v2\/pages\/210\/revisions\/211"}],"wp:attachment":[{"href":"http:\/\/laptopbakimonarim.com\/index.php\/wp-json\/wp\/v2\/media?parent=210"}],"curies":[{"name":"wp","href":"https:\/\/api.w.org\/{rel}","templated":true}]}}